{"id":5448,"date":"2020-05-26T13:03:10","date_gmt":"2020-05-26T11:03:10","guid":{"rendered":"http:\/\/www.3d-skenovani.cz\/?page_id=5448"},"modified":"2020-05-26T13:14:20","modified_gmt":"2020-05-26T11:14:20","slug":"prihlaseni-k-odberu-novinek-3d-skenovani","status":"publish","type":"page","link":"https:\/\/www.3d-skenovanie.sk\/s\/prihlaseni-k-odberu-novinek-3d-skenovani\/","title":{"rendered":"P\u0159ihl\u00e1\u0161en\u00ed prob\u011bhlo \u00fasp\u011b\u0161n\u011b"},"content":{"rendered":"<h2 class=\"wp-block-heading\">D\u011bkujeme!<\/h2>\n\n\n\n<p>Jsme velice r\u00e1di, \u017ee jste se rozhodli z\u016fstat v&nbsp;obraze a&nbsp;odeb\u00edrat novinky ze sv\u011bta 3D skenov\u00e1n\u00ed. Na\u0161im c\u00edlem nen\u00ed zahlcovat odb\u011bratel\u016fm jejich po\u0161tovn\u00ed schr\u00e1nky. jednou za \u010das d\u00e1me dohromady ty nejzaj\u00edmav\u011bj\u0161\u00ed a&nbsp;nejd\u016fle\u017eit\u011bj\u0161\u00ed informace.<\/p>\n\n\n\n<p><strong>V ka\u017ed\u00e9m e-mailu<\/strong>, kter\u00fd od n\u00e1s obdr\u017e\u00edte <strong>naleznete mo\u017enost se z&nbsp;odb\u011bru odhl\u00e1sit<\/strong>.<\/p>\n\n\n\n<div class=\"wp-block-button aligncenter\"><a class=\"wp-block-button__link has-background has-vivid-red-background-color\" href=\"https:\/\/www.3d-skenovanie.sk\/s\/\">Zp\u011bt na www.3D-skenovani.cz<br><\/a><\/div>\n\n\n\n<p><\/p>","protected":false},"excerpt":{"rendered":"<p>D\u011bkujeme! Jsme velice r\u00e1di, \u017ee jste se rozhodli z\u016fstat v&nbsp;obraze a&nbsp;odeb\u00edrat novinky ze sv\u011bta 3D skenov\u00e1n\u00ed. Na\u0161im c\u00edlem nen\u00ed zahlcovat odb\u011bratel\u016fm jejich po\u0161tovn\u00ed schr\u00e1nky. jednou za \u010das d\u00e1me dohromady ty nejzaj\u00edmav\u011bj\u0161\u00ed a&nbsp;nejd\u016fle\u017eit\u011bj\u0161\u00ed informace. V&nbsp;ka\u017ed\u00e9m e-mailu, kter\u00fd od n\u00e1s obdr\u017e\u00edte naleznete mo\u017enost se z&nbsp;odb\u011bru odhl\u00e1sit.<\/p>","protected":false},"author":2,"featured_media":0,"parent":0,"menu_order":0,"comment_status":"closed","ping_status":"closed","template":"","meta":{"_acf_changed":false,"footnotes":""},"filter_oblast":[],"filter_velikost_dilu":[],"filter_aplikace":[],"class_list":["post-5448","page","type-page","status-publish","hentry"],"acf":[],"aioseo_notices":[],"_links":{"self":[{"href":"https:\/\/www.3d-skenovanie.sk\/s\/wp-json\/wp\/v2\/pages\/5448"}],"collection":[{"href":"https:\/\/www.3d-skenovanie.sk\/s\/wp-json\/wp\/v2\/pages"}],"about":[{"href":"https:\/\/www.3d-skenovanie.sk\/s\/wp-json\/wp\/v2\/types\/page"}],"author":[{"embeddable":true,"href":"https:\/\/www.3d-skenovanie.sk\/s\/wp-json\/wp\/v2\/users\/2"}],"replies":[{"embeddable":true,"href":"https:\/\/www.3d-skenovanie.sk\/s\/wp-json\/wp\/v2\/comments?post=5448"}],"version-history":[{"count":4,"href":"https:\/\/www.3d-skenovanie.sk\/s\/wp-json\/wp\/v2\/pages\/5448\/revisions"}],"predecessor-version":[{"id":5454,"href":"https:\/\/www.3d-skenovanie.sk\/s\/wp-json\/wp\/v2\/pages\/5448\/revisions\/5454"}],"wp:attachment":[{"href":"https:\/\/www.3d-skenovanie.sk\/s\/wp-json\/wp\/v2\/media?parent=5448"}],"wp:term":[{"taxonomy":"filter_oblast","embeddable":true,"href":"https:\/\/www.3d-skenovanie.sk\/s\/wp-json\/wp\/v2\/filter_oblast?post=5448"},{"taxonomy":"filter_velikost_dilu","embeddable":true,"href":"https:\/\/www.3d-skenovanie.sk\/s\/wp-json\/wp\/v2\/filter_velikost_dilu?post=5448"},{"taxonomy":"filter_aplikace","embeddable":true,"href":"https:\/\/www.3d-skenovanie.sk\/s\/wp-json\/wp\/v2\/filter_aplikace?post=5448"}],"curies":[{"name":"wp","href":"https:\/\/api.w.org\/{rel}","templated":true}]}}