{"id":4891,"date":"2020-03-25T15:29:51","date_gmt":"2020-03-25T14:29:51","guid":{"rendered":"http:\/\/www.3d-skenovani.cz\/?page_id=4891"},"modified":"2025-11-13T08:09:09","modified_gmt":"2025-11-13T07:09:09","slug":"hw-poziadavky","status":"publish","type":"page","link":"https:\/\/www.3d-skenovanie.sk\/s\/zakaznicka-sekcia\/hw-poziadavky\/","title":{"rendered":"HW po\u017eiadavky"},"content":{"rendered":"<p>Aby V\u00e1\u0161 3D skener od firmy Creaform 3D plnil va\u0161e o\u010dak\u00e1vania, je nutn\u00e9 ma\u0165 aj ten spr\u00e1vny po\u010d\u00edta\u010d. Po\u010d\u00edta\u010d zais\u0165uje zber v\u0161etk\u00fdch nasn\u00edman\u00fdch inform\u00e1ci\u00ed, v\u0161etky prepo\u010dty a on-line n\u00e1h\u013eady na skenovanie. Pre optim\u00e1lnu prev\u00e1dzku 3D skenera, odpor\u00fa\u010dame tieto minim\u00e1lne konfigur\u00e1cie:<\/p>\n\n\n<table style=\"width: 100%; height: 236px;\">\n<tbody>\n<tr style=\"height: 24px;\">\n<td style=\"width: 20%; vertical-align: middle; height: 24px;\">\u00a0<\/td>\n<td style=\"text-align: center; width: 35.0833%; vertical-align: middle; height: 24px;\"><strong>MINIM\u00c1LNE PO\u017dIADAVKY<\/strong><\/td>\n<td style=\"width: 44.1667%; text-align: center; vertical-align: middle; height: 24px;\"><b>ODPOR\u00da\u010cAN\u00c1 KONFIGUR\u00c1CIA<\/b><\/td>\n<\/tr>\n<tr style=\"height: 29px;\">\n<td style=\"width: 20%; vertical-align: middle; height: 29px;\"><strong>Procesor<sup>(1)<\/sup><\/strong><\/td>\n<td style=\"width: 35.0833%; text-align: center; vertical-align: middle; height: 29px;\">INTEL CORE I7 (6+ CORES) \u2013 2.3 GHZ ALEBO VY\u0160\u0160\u00cd<\/td>\n<td style=\"width: 44.1667%; text-align: center; vertical-align: middle; height: 29px;\">INTEL CORE I7 (8 CORES) \u2013 2.5 GHZ ALEBO VY\u0160\u0160\u00cd<\/td>\n<\/tr>\n<tr style=\"height: 29px;\">\n<td style=\"width: 20%; vertical-align: middle; height: 29px;\"><strong>Opera\u010dn\u00fd syst\u00e9m<sup>(2)<\/sup><\/strong><\/td>\n<td style=\"width: 79.25%; text-align: center; vertical-align: middle; height: 29px;\" colspan=\"2\"><strong>Windows 10 (64 bits)<\/strong><sup>(3)(4)<\/sup><\/td>\n<\/tr>\n<tr style=\"height: 29px;\">\n<td style=\"width: 20%; vertical-align: middle; height: 29px;\"><strong>Grafick\u00e1 karta<sup>(5)(6)<\/sup><\/strong><\/td>\n<td style=\"width: 35.0833%; text-align: center; vertical-align: middle; height: 29px;\"><strong>NVIDIA (6 GB VRAM)<\/strong><br \/>OpenGL 4.5 a vy\u0161\u0161ie,<br \/>Compute Capability 6.1<\/td>\n<td style=\"width: 44.1667%; text-align: center; vertical-align: middle; height: 29px;\"><strong>NVIDIA QUADRO RTX A5000 (16 GB VRAM)<\/strong><\/td>\n<\/tr>\n<tr style=\"height: 24px;\">\n<td style=\"width: 20%; vertical-align: middle; height: 24px;\"><strong>Pam\u00e4\u0165<\/strong><\/td>\n<td style=\"width: 35.0833%; text-align: center; vertical-align: middle; height: 24px;\">32 GB<\/td>\n<td style=\"width: 44.1667%; text-align: center; vertical-align: middle; height: 24px;\">64 GB<\/td>\n<\/tr>\n<tr style=\"height: 24px;\">\n<td style=\"width: 20%; vertical-align: middle; height: 24px;\"><strong>Pevn\u00fd disk<br \/><\/strong><\/td>\n<td style=\"text-align: center; vertical-align: middle; height: 24px; width: 35.0833%;\"><strong>Solid-state drive (SSD)<\/strong> <br \/>s minim\u00e1lnou kapacitou 200 GB vo\u013en\u00e9ho priestoru<\/td>\n<td style=\"text-align: center; vertical-align: middle; width: 44.1667%; height: 24px;\"><strong>1 TB SSD<\/strong><\/td>\n<\/tr>\n<tr style=\"height: 24px;\">\n<td style=\"width: 20%; vertical-align: middle; height: 24px;\"><strong>Rozl\u00ed\u0161enie obrazovky<br \/><\/strong><\/td>\n<td style=\"width: 79.25%; text-align: center; vertical-align: middle; height: 24px;\" colspan=\"2\">1920 X 1080<\/td>\n<\/tr>\n<tr style=\"height: 24px;\">\n<td style=\"width: 20%; vertical-align: middle; height: 24px;\"><strong>Potrebn\u00e9 porty<br \/><\/strong><\/td>\n<td style=\"width: 79.25%; text-align: center; vertical-align: middle; height: 24px;\" colspan=\"2\"><strong>SUPERSPEED USB 3.0 TYPE-A<\/strong><\/td>\n<\/tr>\n<tr style=\"height: 29px;\">\n<td style=\"width: 20%; vertical-align: middle; height: 29px;\"><strong>Microsoft Excel<sup>(7)<\/sup><\/strong><\/td>\n<td style=\"width: 79.25%; text-align: center; vertical-align: middle; height: 29px;\" colspan=\"2\">Excel 2016+<\/td>\n<\/tr>\n<\/tbody>\n<\/table>\n<p><em>(1) Procesor mus\u00ed podporova\u0165 in\u0161trukcie AVX2.<\/em><br \/>(<em>2) 32-bitov\u00e9 OS nie s\u00fa podporovan\u00e9<span class=\"tlid-translation translation\" lang=\"cs\"><span class=\"\" title=\"\">.<\/span><\/span><\/em><br \/><em>(3) Windows 10 verzia 1909 alebo vy\u0161\u0161ia<span class=\"tlid-translation translation\" lang=\"cs\"><span class=\"\" title=\"\">.<\/span><\/span><\/em><br \/><em>(4) Verzia .NET Microsoft Framework: 4.7.2.<\/em><br \/><em>(5) Po\u017eiadavky na pam\u00e4\u0165 GPU s\u00fa \u00famern\u00e9 mno\u017estvo d\u00e1t zhroma\u017eden\u00fdch v rel\u00e1cii jedn\u00e9ho skenovania. Skenovanie ve\u013ek\u00fdch dielov s vy\u0161\u0161\u00edm rozl\u00ed\u0161en\u00edm m\u00f4\u017ee prekro\u010di\u0165 minim\u00e1lne \u0161pecifik\u00e1cie a vy\u017eadova\u0165 zl\u00fa\u010denie skenov.<\/em><br \/><em>(6) Podporovan\u00e9 s\u00fa iba grafick\u00e9 karty NVIDIA. Odpor\u00fa\u010dan\u00e1 verzia ovl\u00e1da\u010da NVIDIA: 465+<span class=\"tlid-translation translation\" lang=\"cs\"><span class=\"\" title=\"\">.<br \/>(7) Microsoft Excel\u00ae je vy\u017eadovan\u00fd pre nasleduj\u00faci softv\u00e9r: Pipecheck\u2122, Pipecheck Analyze a SmartDENT 3D\u2122. Na export zost\u00e1v XLS vo VXinspect je vy\u017eadovan\u00fd aj Microsoft Excel\u00ae.<br \/><\/span><\/span><\/em><\/p>\n\n\n<p><\/p>","protected":false},"excerpt":{"rendered":"<p>Aby V\u00e1\u0161 3D skener od firmy Creaform 3D plnil va\u0161e o\u010dek\u00e1v\u00e1n\u00ed, je nutn\u00e9 m\u00edt i&nbsp;ten spr\u00e1vn\u00fd po\u010d\u00edta\u010d. Po\u010d\u00edta\u010d zaji\u0161\u0165uje sb\u011br v\u0161ech nasn\u00edman\u00fdch informac\u00ed, ve\u0161ker\u00e9 p\u0159epo\u010dty a&nbsp;on-line n\u00e1hledy na skenov\u00e1n\u00ed. Pro optim\u00e1ln\u00ed provoz 3D skeneru, doporu\u010dujeme tyto minim\u00e1ln\u00ed konfigurace: \u00a0 MINIM\u00c1LN\u00cd PO\u017dADAVKY DOPORU\u010cEN\u00c1 KONFIGURACE Procesor(1) INTEL CORE I7 (6+ CORES) \u2013 2.3 GHZ NEBO VY\u0160\u0160\u00cd INTEL [&hellip;]<\/p>","protected":false},"author":2,"featured_media":0,"parent":4473,"menu_order":4,"comment_status":"closed","ping_status":"closed","template":"page-templates\/menu-right-page.php","meta":{"_acf_changed":false,"footnotes":""},"filter_oblast":[],"filter_velikost_dilu":[],"filter_aplikace":[],"class_list":["post-4891","page","type-page","status-publish","hentry"],"acf":[],"aioseo_notices":[],"_links":{"self":[{"href":"https:\/\/www.3d-skenovanie.sk\/s\/wp-json\/wp\/v2\/pages\/4891"}],"collection":[{"href":"https:\/\/www.3d-skenovanie.sk\/s\/wp-json\/wp\/v2\/pages"}],"about":[{"href":"https:\/\/www.3d-skenovanie.sk\/s\/wp-json\/wp\/v2\/types\/page"}],"author":[{"embeddable":true,"href":"https:\/\/www.3d-skenovanie.sk\/s\/wp-json\/wp\/v2\/users\/2"}],"replies":[{"embeddable":true,"href":"https:\/\/www.3d-skenovanie.sk\/s\/wp-json\/wp\/v2\/comments?post=4891"}],"version-history":[{"count":4,"href":"https:\/\/www.3d-skenovanie.sk\/s\/wp-json\/wp\/v2\/pages\/4891\/revisions"}],"predecessor-version":[{"id":11482,"href":"https:\/\/www.3d-skenovanie.sk\/s\/wp-json\/wp\/v2\/pages\/4891\/revisions\/11482"}],"up":[{"embeddable":true,"href":"https:\/\/www.3d-skenovanie.sk\/s\/wp-json\/wp\/v2\/pages\/4473"}],"wp:attachment":[{"href":"https:\/\/www.3d-skenovanie.sk\/s\/wp-json\/wp\/v2\/media?parent=4891"}],"wp:term":[{"taxonomy":"filter_oblast","embeddable":true,"href":"https:\/\/www.3d-skenovanie.sk\/s\/wp-json\/wp\/v2\/filter_oblast?post=4891"},{"taxonomy":"filter_velikost_dilu","embeddable":true,"href":"https:\/\/www.3d-skenovanie.sk\/s\/wp-json\/wp\/v2\/filter_velikost_dilu?post=4891"},{"taxonomy":"filter_aplikace","embeddable":true,"href":"https:\/\/www.3d-skenovanie.sk\/s\/wp-json\/wp\/v2\/filter_aplikace?post=4891"}],"curies":[{"name":"wp","href":"https:\/\/api.w.org\/{rel}","templated":true}]}}