{"id":4548,"date":"2020-03-13T14:13:07","date_gmt":"2020-03-13T13:13:07","guid":{"rendered":"http:\/\/www.3d-skenovani.cz\/?page_id=4548"},"modified":"2023-05-02T12:57:03","modified_gmt":"2023-05-02T10:57:03","slug":"odkazy","status":"publish","type":"page","link":"https:\/\/www.3d-skenovanie.sk\/s\/zakaznicka-sekcia\/odkazy\/","title":{"rendered":"Odkazy"},"content":{"rendered":"<p>Ni\u017e\u0161ie na str\u00e1nke n\u00e1jdete preh\u013ead d\u00f4le\u017eit\u00fdch odkazov, ktor\u00e9 v\u00e1m m\u00f4\u017eu pom\u00f4c\u0165 pri va\u0161ej pr\u00e1ci. <\/p>\n\n\n\n<h2 class=\"wp-block-heading\">Creaform 3D \u2013 customer Center<\/h2>\n\n\n\n<p>Str\u00e1nky technickej podpory od v\u00fdrobcu 3D skenerov a softv\u00e9rov Creaform 3D. Na tejto str\u00e1nke si po prihl\u00e1sen\u00ed m\u00f4\u017eete kedyko\u013evek stiahnu\u0165 in\u0161tala\u010dn\u00fd s\u00fabor programu VXelements (zah\u0155\u0148a aj VXinspect a VXmodel). Na stiahnutie tu tie\u017e n\u00e1jdete licencie a konfigura\u010dn\u00e9 s\u00fabory pre Vami zak\u00fapen\u00e9 pr\u00edstroje.<br><a href=\"https:\/\/cp.creaform3d.com\/\" target=\"_blank\" rel=\"noreferrer noopener\">https:\/\/cp.creaform3d.com\/<\/a><\/p>\n\n\n\n<h2 class=\"wp-block-heading\">Innovmetric \u2013 customer Center<\/h2>\n\n\n\n<p>Str\u00e1nky technickej podpory od v\u00fdrobcu Innovmetric. Na tejto str\u00e1nke si po prihl\u00e1sen\u00ed m\u00f4\u017eete kedyko\u013evek stiahnu\u0165 in\u0161tala\u010dn\u00fd s\u00fabor programu PolyWorks. \u010ealej s\u00fa tu na pozeranie webin\u00e1re a je mo\u017en\u00e9 si tu stiahnu\u0165 makr\u00e1 pre PW.<br><a href=\"https:\/\/tsz.polyworks.com\/s\/login\/?language=en_US\" target=\"_blank\" rel=\"noreferrer noopener\">https:\/\/tsz.polyworks.com\/s\/login\/?language=en_US<\/a><\/p>\n\n\n\n<h2 class=\"wp-block-heading\">3D Systems \u2013 softv\u00e9r support<\/h2>\n\n\n\n<p>Ni\u017e\u0161ie uveden\u00fd odkaz v\u00e1s nasmeruje na str\u00e1nku, kde si kedyko\u013evek bez registr\u00e1cie m\u00f4\u017eete stiahnu\u0165 in\u0161tala\u010dn\u00fd program pre v\u0161etky programy od v\u00fdrobcu 3D Systems (Design X, Wrap, Control X, Freeform, \u2026.)<br><a href=\"https:\/\/support.3dsystems.com\/s\/article\/Application-Installers?language=en_US\" target=\"_blank\" rel=\"noreferrer noopener\" aria-label=\" (otvor\u00ed sa na novej z\u00e1lo\u017eke)\">https:\/\/support.3dsystems.com\/s\/article\/Application-Installers?language=en_US<\/a><br><\/p>","protected":false},"excerpt":{"rendered":"<p>N\u00ed\u017ee na str\u00e1nce naleznete p\u0159ehled d\u016fle\u017eit\u00fdch odkaz\u016f, kter\u00e9 v\u00e1m mohou pomoci p\u0159i&nbsp;va\u0161\u00ed pr\u00e1ci. Creaform 3D &#8211; customer Center Str\u00e1nky technick\u00e9 podpory od v\u00fdrobce 3D skener\u016f a&nbsp;softwar\u016f Creaform 3D. Na t\u00e9to str\u00e1nce si po&nbsp;p\u0159ihl\u00e1\u0161en\u00ed m\u016f\u017eete kdykoliv st\u00e1hnout instala\u010dn\u00ed soubor programu VXelements (zahrnuje i&nbsp;VXinspect a&nbsp;VXmodel). Ke sta\u017een\u00ed zde tak\u00e9 naleznete licence a&nbsp;konfigura\u010dn\u00ed soubory pro V\u00e1mi zakoupen\u00e9 p\u0159\u00edstroje.https:\/\/cp.creaform3d.com\/ [&hellip;]<\/p>","protected":false},"author":2,"featured_media":0,"parent":4473,"menu_order":6,"comment_status":"closed","ping_status":"closed","template":"page-templates\/menu-right-page.php","meta":{"_acf_changed":false,"footnotes":""},"filter_oblast":[],"filter_velikost_dilu":[],"filter_aplikace":[],"class_list":["post-4548","page","type-page","status-publish","hentry"],"acf":[],"aioseo_notices":[],"_links":{"self":[{"href":"https:\/\/www.3d-skenovanie.sk\/s\/wp-json\/wp\/v2\/pages\/4548"}],"collection":[{"href":"https:\/\/www.3d-skenovanie.sk\/s\/wp-json\/wp\/v2\/pages"}],"about":[{"href":"https:\/\/www.3d-skenovanie.sk\/s\/wp-json\/wp\/v2\/types\/page"}],"author":[{"embeddable":true,"href":"https:\/\/www.3d-skenovanie.sk\/s\/wp-json\/wp\/v2\/users\/2"}],"replies":[{"embeddable":true,"href":"https:\/\/www.3d-skenovanie.sk\/s\/wp-json\/wp\/v2\/comments?post=4548"}],"version-history":[{"count":5,"href":"https:\/\/www.3d-skenovanie.sk\/s\/wp-json\/wp\/v2\/pages\/4548\/revisions"}],"predecessor-version":[{"id":9089,"href":"https:\/\/www.3d-skenovanie.sk\/s\/wp-json\/wp\/v2\/pages\/4548\/revisions\/9089"}],"up":[{"embeddable":true,"href":"https:\/\/www.3d-skenovanie.sk\/s\/wp-json\/wp\/v2\/pages\/4473"}],"wp:attachment":[{"href":"https:\/\/www.3d-skenovanie.sk\/s\/wp-json\/wp\/v2\/media?parent=4548"}],"wp:term":[{"taxonomy":"filter_oblast","embeddable":true,"href":"https:\/\/www.3d-skenovanie.sk\/s\/wp-json\/wp\/v2\/filter_oblast?post=4548"},{"taxonomy":"filter_velikost_dilu","embeddable":true,"href":"https:\/\/www.3d-skenovanie.sk\/s\/wp-json\/wp\/v2\/filter_velikost_dilu?post=4548"},{"taxonomy":"filter_aplikace","embeddable":true,"href":"https:\/\/www.3d-skenovanie.sk\/s\/wp-json\/wp\/v2\/filter_aplikace?post=4548"}],"curies":[{"name":"wp","href":"https:\/\/api.w.org\/{rel}","templated":true}]}}