{"id":4494,"date":"2020-03-13T09:58:08","date_gmt":"2020-03-13T08:58:08","guid":{"rendered":"http:\/\/www.3d-skenovani.cz\/?page_id=4494"},"modified":"2020-03-19T11:44:58","modified_gmt":"2020-03-19T10:44:58","slug":"video-manualy","status":"publish","type":"page","link":"https:\/\/www.3d-skenovanie.sk\/s\/zakaznicka-sekcia\/manualy\/video-manualy\/","title":{"rendered":"Video manu\u00e1ly"},"content":{"rendered":"<p>V\u00e1\u017een\u00ed z\u00e1kazn\u00edci, v r\u00e1mci zlep\u0161ovania na\u0161ich slu\u017eieb sme pre V\u00e1s pripravili kr\u00e1tke video-manu\u00e1ly k nami dod\u00e1van\u00fdm softv\u00e9rom. <strong>Tieto video manu\u00e1ly nenahradzuj\u00fa \u0161tandardn\u00e9 nami vykon\u00e1van\u00e9 \u0161kolenia, ale s\u00fa doplnkom<\/strong>. Pomocou vide\u00ed si m\u00f4\u017eete pripomen\u00fa\u0165, kde sa ak\u00e1 funkcia sp\u00fa\u0161\u0165a, ak\u00e9 s\u00fa mo\u017enosti a at\u010f. Video-manu\u00e1ly v\u0161ak neobsahuj\u00fa \u010fal\u0161ie s\u00favislosti oh\u013eadom konkr\u00e9tnych nastaven\u00ed, sp\u00f4sobov v\u00fdpo\u010dtu a \u010fal\u0161\u00edch u\u017eito\u010dn\u00fdch inform\u00e1ci\u00ed. Tieto video-manu\u00e1ly teda odpor\u00fa\u010dame vyu\u017e\u00edva\u0165 a\u017e po \u00faspe\u0161nom absolvovan\u00ed klasick\u00e9ho \u0161kolenia s na\u0161im \u0161kolite\u013eom.<\/p>","protected":false},"excerpt":{"rendered":"<p>V\u00e1\u017een\u00ed z\u00e1kazn\u00edci, v&nbsp;r\u00e1mci zlep\u0161ov\u00e1n\u00ed na\u0161ich slu\u017eeb jsme pro V\u00e1s p\u0159ipravili kr\u00e1tk\u00e9 video-manu\u00e1ly k&nbsp;n\u00e1mi dod\u00e1van\u00fdm softwar\u016fm. Tyto video manu\u00e1ly nenahrazuj\u00ed standardn\u00ed n\u00e1mi prov\u00e1d\u011bn\u00e9 \u0161kolen\u00ed, ale jsou dopl\u0148kem. Pomoc\u00ed vide\u00ed si m\u016f\u017eete p\u0159ipomenout, kde se jak\u00e1 funkce spou\u0161t\u00ed, jak\u00e9 jsou mo\u017enosti a&nbsp;atd. Video-manu\u00e1ly v\u0161ak neobsahuj\u00ed dal\u0161\u00ed souvislosti ohledn\u011b konkr\u00e9tn\u00edch nastaven\u00ed, zp\u016fsob\u016f v\u00fdpo\u010dtu, a&nbsp;dal\u0161\u00edch u\u017eite\u010dn\u00fdch informac\u00ed. Tyto video-manu\u00e1ly [&hellip;]<\/p>","protected":false},"author":7,"featured_media":0,"parent":4479,"menu_order":1,"comment_status":"closed","ping_status":"closed","template":"page-templates\/rozcestnik-page.php","meta":{"_acf_changed":false,"footnotes":""},"filter_oblast":[],"filter_velikost_dilu":[],"filter_aplikace":[],"class_list":["post-4494","page","type-page","status-publish","hentry"],"acf":[],"aioseo_notices":[],"_links":{"self":[{"href":"https:\/\/www.3d-skenovanie.sk\/s\/wp-json\/wp\/v2\/pages\/4494"}],"collection":[{"href":"https:\/\/www.3d-skenovanie.sk\/s\/wp-json\/wp\/v2\/pages"}],"about":[{"href":"https:\/\/www.3d-skenovanie.sk\/s\/wp-json\/wp\/v2\/types\/page"}],"author":[{"embeddable":true,"href":"https:\/\/www.3d-skenovanie.sk\/s\/wp-json\/wp\/v2\/users\/7"}],"replies":[{"embeddable":true,"href":"https:\/\/www.3d-skenovanie.sk\/s\/wp-json\/wp\/v2\/comments?post=4494"}],"version-history":[{"count":5,"href":"https:\/\/www.3d-skenovanie.sk\/s\/wp-json\/wp\/v2\/pages\/4494\/revisions"}],"predecessor-version":[{"id":4646,"href":"https:\/\/www.3d-skenovanie.sk\/s\/wp-json\/wp\/v2\/pages\/4494\/revisions\/4646"}],"up":[{"embeddable":true,"href":"https:\/\/www.3d-skenovanie.sk\/s\/wp-json\/wp\/v2\/pages\/4479"}],"wp:attachment":[{"href":"https:\/\/www.3d-skenovanie.sk\/s\/wp-json\/wp\/v2\/media?parent=4494"}],"wp:term":[{"taxonomy":"filter_oblast","embeddable":true,"href":"https:\/\/www.3d-skenovanie.sk\/s\/wp-json\/wp\/v2\/filter_oblast?post=4494"},{"taxonomy":"filter_velikost_dilu","embeddable":true,"href":"https:\/\/www.3d-skenovanie.sk\/s\/wp-json\/wp\/v2\/filter_velikost_dilu?post=4494"},{"taxonomy":"filter_aplikace","embeddable":true,"href":"https:\/\/www.3d-skenovanie.sk\/s\/wp-json\/wp\/v2\/filter_aplikace?post=4494"}],"curies":[{"name":"wp","href":"https:\/\/api.w.org\/{rel}","templated":true}]}}