{"id":4491,"date":"2020-03-13T09:55:47","date_gmt":"2020-03-13T08:55:47","guid":{"rendered":"http:\/\/www.3d-skenovani.cz\/?page_id=4491"},"modified":"2024-09-26T14:00:03","modified_gmt":"2024-09-26T12:00:03","slug":"psane-manualy","status":"publish","type":"page","link":"https:\/\/www.3d-skenovanie.sk\/s\/zakaznicka-sekcia\/manualy\/psane-manualy\/","title":{"rendered":"P\u00edsan\u00e9 manu\u00e1ly"},"content":{"rendered":"<p>Tu si m\u00f4\u017eete stiahnu\u0165 v\u0161etky dostupn\u00e9 manu\u00e1ly pre nami pon\u00fakan\u00e9 3D skenery a softv\u00e9ry. <\/p>\n\n\n\n<h2 class=\"wp-block-heading\">3D skenery<\/h2>\n\n\n\n<h3 class=\"wp-block-heading\">peel 3D<\/h3>\n\n\n\n<ul class=\"wp-block-list\">\n<li><a href=\"\/wp-content\/uploads\/manualy\/peel_OS_manual peel 3_ 2023.pdf\" target=\"_blank\" rel=\"noreferrer noopener\">peel 3<\/a>  (rok vydania 2023, peel.OS_1)<\/li>\n<\/ul>\n\n\n\n<h3 class=\"wp-block-heading\">Go!SCAN 3D<\/h3>\n\n\n\n<ul class=\"wp-block-list\">\n<li><a aria-label=\"Go!SCAN 3D (otvor\u00ed sa na novej z\u00e1lo\u017eke)\" href=\"\/wp-content\/uploads\/manualy\/VXelements_3.1 manual_GO!Scan.pdf\" target=\"_blank\" rel=\"noreferrer noopener\">Go!SCAN 3D<\/a>  (rok vydania 2015, VXelements 3.1)<\/li>\n\n\n\n<li><a aria-label=\"Go!SCAN 3D SPARK (otvor\u00ed sa na novej z\u00e1lo\u017eke)\" href=\"https:\/\/www.3d-skenovanie.sk\/wp-content\/uploads\/manualy\/VXelements_8 manual GoSCAN SPARK_ 2020.pdf\" target=\"_blank\" rel=\"noreferrer noopener\">Go!SCAN 3D SPARK <\/a> (rok vydania 2020, VXelements 8)<\/li>\n\n\n\n<li><a href=\"https:\/\/www.3d-skenovanie.sk\/wp-content\/uploads\/manualy\/VXelements_9 manual GoSCAN SPARK_ 2021.pdf\" target=\"_blank\" rel=\"noreferrer noopener\">Go!SCAN 3D SPARK<\/a> (rok vydania 2021, VXelements 9)<\/li>\n\n\n\n<li><a href=\"https:\/\/www.3d-skenovanie.sk\/wp-content\/uploads\/manualy\/VXelements_10-manual_GoSCAN_SPARK_2023.pdf\" target=\"_blank\" rel=\"noreferrer noopener\">Go!SCAN 3D SPARK<\/a> (rok vydania 2023, VXelements 10)<\/li>\n\n\n\n<li><a href=\"https:\/\/www.3d-skenovanie.sk\/wp-content\/uploads\/manualy\/VXelements_11-manual_GoSCAN_SPARK_2023.pdf\" target=\"_blank\" rel=\"noreferrer noopener\">Go!SCAN 3D SPARK<\/a> (rok vydania 2023, VXelements 11)<\/li>\n<\/ul>\n\n\n\n<h3 class=\"wp-block-heading\">HandySCAN 3D SILVER 307\/700<\/h3>\n\n\n\n<ul id=\"block-2a03e27e-a833-41a8-95be-4059c86b66aa\" class=\"wp-block-list\">\n<li><a href=\"https:\/\/www.3d-skenovanie.sk\/wp-content\/uploads\/manualy\/VXelements_3%20manual%20HandySCAN.pdf\" target=\"_blank\" rel=\"noreferrer noopener\">HandySCAN 3D 700<\/a> (rok vydania 2014, VXelements 3)<\/li>\n\n\n\n<li><a href=\"https:\/\/www.3d-skenovanie.sk\/wp-content\/uploads\/manualy\/VXelements_5%20manual%20HandySCAN%202017.pdf\" target=\"_blank\" rel=\"noreferrer noopener\">HandySCAN 3D 700<\/a> (rok vydania 2017, VXelements 5)<\/li>\n\n\n\n<li><a href=\"https:\/\/www.3d-skenovanie.sk\/wp-content\/uploads\/manualy\/VXelements_6%20manual%20HandySCAN%202018.pdf\" target=\"_blank\" rel=\"noreferrer noopener\">HandySCAN 3D 700<\/a> (rok vydania 2018, VXelements 6)<\/li>\n\n\n\n<li><a href=\"https:\/\/www.3d-skenovanie.sk\/wp-content\/uploads\/manualy\/VXelements_10-manual_HandySCAN_SILVER_2023.pdf\" target=\"_blank\" rel=\"noreferrer noopener\">HandySCAN 3D SILVER 307\/700<\/a> (rok vydania 2023, VXelements 10)<\/li>\n\n\n\n<li><a href=\"https:\/\/www.3d-skenovanie.sk\/wp-content\/uploads\/manualy\/VXelements_11-manual_HandySCAN_SILVER_2023.pdf\" target=\"_blank\" rel=\"noreferrer noopener\">HandySCAN 3D SILVER 307\/700<\/a> (rok vydania 2023, VXelements 11)<\/li>\n<\/ul>\n\n\n\n<h3 class=\"wp-block-heading\">HandySCAN 3D BLACK<\/h3>\n\n\n\n<ul class=\"wp-block-list\">\n<li><a aria-label=\"HandySCAN 3D BLACK (otvor\u00ed sa na novej z\u00e1lo\u017eke)\" href=\"\/wp-content\/uploads\/manualy\/VXelements_7 manual HandySCAN_BLACK_ 2019.pdf\" target=\"_blank\" rel=\"noreferrer noopener\">HandySCAN 3D BLACK<\/a> (rok vydania 2019, VXelements 7)<\/li>\n\n\n\n<li><a aria-label=\"HandySCAN 3D BLACK (otvor\u00ed sa na novej z\u00e1lo\u017eke)\" href=\"https:\/\/www.3d-skenovanie.sk\/wp-content\/uploads\/manualy\/VXelements_8 manual_HandySCAN_BLACK_ 2020.pdf\" target=\"_blank\" rel=\"noreferrer noopener\">HandySCAN 3D BLACK<\/a> (rok vydania 2020, VXelements 8) <\/li>\n\n\n\n<li><a href=\"https:\/\/www.3d-skenovanie.sk\/wp-content\/uploads\/manualy\/VXelements_9 manual_HandySCAN_BLACK_ 2021.pdf\" target=\"_blank\" rel=\"noreferrer noopener\">HandySCAN 3D BLACK<\/a> (rok vydania 2021, VXelements 9)<\/li>\n\n\n\n<li><a href=\"https:\/\/www.3d-skenovanie.sk\/wp-content\/uploads\/manualy\/VXelements_10-manual_HandySCAN_3D_BLACK_2023.pdf\" target=\"_blank\" rel=\"noreferrer noopener\">HandySCAN 3D BLACK<\/a> (rok vydania 2023, VXelements 10)<\/li>\n\n\n\n<li><a href=\"https:\/\/www.3d-skenovanie.sk\/wp-content\/uploads\/manualy\/VXelements_11-manual_HandySCAN_3D_BLACK_2023.pdf\" target=\"_blank\" rel=\"noreferrer noopener\">HandySCAN 3D BLACK<\/a> (rok vydania 2023, VXelements 11)<\/li>\n\n\n\n<li><a href=\"https:\/\/www.3d-skenovanie.sk\/wp-content\/uploads\/2024\/09\/VXelements_11-manual_HandySCAN-BLACKElite_2024.pdf\" target=\"_blank\" rel=\"noopener\" title=\"\">HandySCAN 3D BLACK+<\/a> (rok vydania 2024, VXelements 11)<\/li>\n<\/ul>\n\n\n\n<h3 class=\"wp-block-heading\">HandySCAN 3D MAX<\/h3>\n\n\n\n<ul class=\"wp-block-list\">\n<li><a href=\"https:\/\/www.3d-skenovanie.sk\/wp-content\/uploads\/2024\/08\/VXelements_11-manual_HandySCAN-3DMAX-2024.pdf\" target=\"_blank\" rel=\"noopener\" title=\"\">HandySCAN 3D MAX<\/a> (rok vydania 2024, VXements 11)<\/li>\n<\/ul>\n\n\n\n<h3 class=\"wp-block-heading\">MetraSCAN 3D<\/h3>\n\n\n\n<ul class=\"wp-block-list\">\n<li><a aria-label=\"MetraSCAN 3D (otvor\u00ed sa na novej z\u00e1lo\u017eke)\" href=\"\/wp-content\/uploads\/manualy\/VXelements_5 manual MetraSCAN 3D 2017.pdf\" target=\"_blank\" rel=\"noreferrer noopener\">MetraSCAN 3D<\/a> (rok vydania 2017, VXelements 5) <\/li>\n\n\n\n<li><a aria-label=\"MetraSCAN 3D (otvor\u00ed sa na novej z\u00e1lo\u017eke)\" href=\"\/wp-content\/uploads\/manualy\/VXelements_6 manual MetraSCAN 3D 2018.pdf\" target=\"_blank\" rel=\"noreferrer noopener\">MetraSCAN 3D<\/a> (rok vydania 2018, VXelements 6)<\/li>\n\n\n\n<li><a aria-label=\" (otvor\u00ed sa na novej z\u00e1lo\u017eke)\" href=\"\/wp-content\/uploads\/manualy\/VXelements_7 manual MetraSCAN 3D 2019.pdf\" target=\"_blank\" rel=\"noreferrer noopener\">MetraSCAN 3D<\/a> (rok vydania 2019, VXelements 7)<\/li>\n\n\n\n<li><a aria-label=\"MetraSCAN BLACK 3D (otvor\u00ed sa na novej z\u00e1lo\u017eke)\" href=\"https:\/\/www.3d-skenovanie.sk\/wp-content\/uploads\/manualy\/VXelements_8 manual_MetraSCAN_3D_BLACK_2020.pdf\" target=\"_blank\" rel=\"noreferrer noopener\">MetraSCAN BLACK 3D <\/a>(rok vydania 2020, VXelements 8)<\/li>\n\n\n\n<li><a href=\"https:\/\/www.3d-skenovanie.sk\/wp-content\/uploads\/manualy\/VXelements_9 manual_MetraSCAN_3D_BLACK_2021.pdf\" target=\"_blank\" rel=\"noreferrer noopener\">MetraSCAN BLACK 3D <\/a>(rok vydania 2021, VXelements 9)<\/li>\n\n\n\n<li><a href=\"https:\/\/www.3d-skenovanie.sk\/wp-content\/uploads\/manualy\/VXelements_10-manual_MetraSCAN_3D_BLACK_2023.pdf\" target=\"_blank\" rel=\"noreferrer noopener\">MetraSCAN BLACK 3D <\/a>(rok vydania 2023, VXelements 10)<\/li>\n\n\n\n<li><a href=\"https:\/\/www.3d-skenovanie.sk\/wp-content\/uploads\/manualy\/VXelements_11-manual_MetraSCAN_3D_BLACK_2023.pdf\" target=\"_blank\" rel=\"noreferrer noopener\">MetraSCAN BLACK 3D <\/a>(rok vydania 2023, VXelements 11) <\/li>\n<\/ul>\n\n\n\n<h3 class=\"wp-block-heading\">Cobot MetraSCAN-R 3D<\/h3>\n\n\n\n<ul class=\"wp-block-list\">\n<li><a href=\"https:\/\/www.3d-skenovanie.sk\/wp-content\/uploads\/manualy\/2023_Cobot MetraSCAN_SolidVision.pdf\" target=\"_blank\" rel=\"noreferrer noopener\">Cobot MetraSCAN-R<\/a> (rok vydania 2023, VXelements 11, FANUC CRX)<\/li>\n<\/ul>\n\n\n\n<h2 class=\"wp-block-heading\">Softv\u00e9r<\/h2>\n\n\n\n<h3 class=\"wp-block-heading\">VXinspect<\/h3>\n\n\n\n<ul class=\"wp-block-list\">\n<li><a aria-label=\"VXinspect (otvor\u00ed sa na novej z\u00e1lo\u017eke)\" href=\"\/wp-content\/uploads\/manualy\/VXinspect_manual 2018.pdf\" target=\"_blank\" rel=\"noreferrer noopener\">VXinspect<\/a> (rok vydania 2018)<\/li>\n\n\n\n<li><a aria-label=\"VXinspect (otvor\u00ed sa na novej z\u00e1lo\u017eke)\" href=\"\/wp-content\/uploads\/manualy\/VXinspect_manual 2019.pdf\" target=\"_blank\" rel=\"noreferrer noopener\">VXinspect<\/a> (rok vydania 2019)<\/li>\n\n\n\n<li><a aria-label=\"VXinspect 8 (otvor\u00ed sa na novej z\u00e1lo\u017eke)\" href=\"https:\/\/www.3d-skenovanie.sk\/wp-content\/uploads\/manualy\/VXinspect_8_manual 2020.pdf\" target=\"_blank\" rel=\"noreferrer noopener\">VXinspect 8<\/a> (rok vydania 2020)<\/li>\n\n\n\n<li><a href=\"https:\/\/www.3d-skenovanie.sk\/wp-content\/uploads\/manualy\/VXinspect_9_manual 2021.pdf\" target=\"_blank\" rel=\"noreferrer noopener\">VXinspect 9<\/a> (rok vydania 2021)<\/li>\n\n\n\n<li><a href=\"https:\/\/www.3d-skenovanie.sk\/wp-content\/uploads\/manualy\/VXinspect_11_manual 2023.pdf\" target=\"_blank\" rel=\"noreferrer noopener\">VXinspect 11<\/a> (rok vydania 2023)<\/li>\n<\/ul>\n\n\n\n<h3 class=\"wp-block-heading\">VXmodel<\/h3>\n\n\n\n<ul class=\"wp-block-list\">\n<li> <a aria-label=\"VXmodel (otvor\u00ed sa na novej z\u00e1lo\u017eke)\" href=\"\/wp-content\/uploads\/manualy\/VXmodel_2019.pdf\" target=\"_blank\" rel=\"noreferrer noopener\">VXmodel<\/a> (rok vydania 2019) <\/li>\n\n\n\n<li> <a aria-label=\" (otvor\u00ed sa na novej z\u00e1lo\u017eke)\" href=\"https:\/\/www.3d-skenovanie.sk\/wp-content\/uploads\/manualy\/VXmodel_8_manual 2020.pdf\" target=\"_blank\" rel=\"noreferrer noopener\">VXmodel 8<\/a> (rok vydania 2020)<\/li>\n\n\n\n<li><a href=\"https:\/\/www.3d-skenovanie.sk\/wp-content\/uploads\/manualy\/VXmodel_9_manual 2021.pdf\" target=\"_blank\" rel=\"noreferrer noopener\">VXmodel 9<\/a> (rok vydania 2021)<\/li>\n\n\n\n<li><a href=\"https:\/\/www.3d-skenovanie.sk\/wp-content\/uploads\/2024\/09\/VXmodel_11_manual-2024-2.pdf\" target=\"_blank\" rel=\"noopener\" title=\"\">VXmodel 11<\/a> (rok vydania 2024)<\/li>\n<\/ul>\n\n\n\n<p><\/p>","protected":false},"excerpt":{"rendered":"<p>Zde si m\u016f\u017eete st\u00e1hnout v\u0161echny dostupn\u00e9 manu\u00e1ly pro n\u00e1mi nab\u00edzen\u00e9 3D skenery a&nbsp;softwary. 3D skenery peel 3D Go!SCAN 3D HandySCAN 3D SILVER 307\/700 HandySCAN 3D BLACK HandySCAN 3D MAX MetraSCAN 3D Cobot MetraSCAN-R 3D Software VXinspect VXmodel<\/p>","protected":false},"author":7,"featured_media":0,"parent":4479,"menu_order":0,"comment_status":"closed","ping_status":"closed","template":"page-templates\/menu-right-page.php","meta":{"_acf_changed":false,"footnotes":""},"filter_oblast":[],"filter_velikost_dilu":[],"filter_aplikace":[],"class_list":["post-4491","page","type-page","status-publish","hentry"],"acf":[],"aioseo_notices":[],"_links":{"self":[{"href":"https:\/\/www.3d-skenovanie.sk\/s\/wp-json\/wp\/v2\/pages\/4491"}],"collection":[{"href":"https:\/\/www.3d-skenovanie.sk\/s\/wp-json\/wp\/v2\/pages"}],"about":[{"href":"https:\/\/www.3d-skenovanie.sk\/s\/wp-json\/wp\/v2\/types\/page"}],"author":[{"embeddable":true,"href":"https:\/\/www.3d-skenovanie.sk\/s\/wp-json\/wp\/v2\/users\/7"}],"replies":[{"embeddable":true,"href":"https:\/\/www.3d-skenovanie.sk\/s\/wp-json\/wp\/v2\/comments?post=4491"}],"version-history":[{"count":5,"href":"https:\/\/www.3d-skenovanie.sk\/s\/wp-json\/wp\/v2\/pages\/4491\/revisions"}],"predecessor-version":[{"id":10680,"href":"https:\/\/www.3d-skenovanie.sk\/s\/wp-json\/wp\/v2\/pages\/4491\/revisions\/10680"}],"up":[{"embeddable":true,"href":"https:\/\/www.3d-skenovanie.sk\/s\/wp-json\/wp\/v2\/pages\/4479"}],"wp:attachment":[{"href":"https:\/\/www.3d-skenovanie.sk\/s\/wp-json\/wp\/v2\/media?parent=4491"}],"wp:term":[{"taxonomy":"filter_oblast","embeddable":true,"href":"https:\/\/www.3d-skenovanie.sk\/s\/wp-json\/wp\/v2\/filter_oblast?post=4491"},{"taxonomy":"filter_velikost_dilu","embeddable":true,"href":"https:\/\/www.3d-skenovanie.sk\/s\/wp-json\/wp\/v2\/filter_velikost_dilu?post=4491"},{"taxonomy":"filter_aplikace","embeddable":true,"href":"https:\/\/www.3d-skenovanie.sk\/s\/wp-json\/wp\/v2\/filter_aplikace?post=4491"}],"curies":[{"name":"wp","href":"https:\/\/api.w.org\/{rel}","templated":true}]}}