{"id":4196,"date":"2020-01-24T12:01:42","date_gmt":"2020-01-24T11:01:42","guid":{"rendered":"http:\/\/www.3d-skenovani.cz\/?page_id=4196"},"modified":"2025-11-13T08:09:30","modified_gmt":"2025-11-13T07:09:30","slug":"spatny-odber-elektrozariadeni","status":"publish","type":"page","link":"https:\/\/www.3d-skenovanie.sk\/s\/zakaznicka-sekcia\/spatny-odber-elektrozariadeni\/","title":{"rendered":"Sp\u00e4tn\u00fd odber"},"content":{"rendered":"<h2 class=\"wp-block-heading\">SP\u00c4TN\u00dd ODBER ODPADN\u00ddCH ELEKTROZARIADEN\u00cd<\/h2>\n\n\n\n<p>Zaklad\u00e1me si na oh\u013eaduplnom spr\u00e1van\u00ed vo\u010di \u017eivotn\u00e9mu prostrediu, a preto v\u00e1m prin\u00e1\u0161ame mo\u017enosti, ako jednoducho a bezplatne odovzda\u0165 svoje vysl\u00fa\u017eil\u00e9 elektrozariadenia.<\/p>\n\n\n\n<p>Spotrebite\u013e m\u00e1 v syst\u00e9me nakladania s elektrospotrebi\u010dmi \u00faplne z\u00e1sadn\u00fa \u00falohu. On je t\u00fdm, kto sa rozhoduje, \u010do urob\u00ed so star\u00fdm spotrebi\u010dom. Star\u00e9 a nepotrebn\u00e9 elektrozariadenia nepatria do netrieden\u00e9ho komun\u00e1lneho odpadu, naopak maj\u00fa by\u0165 odovzdan\u00e9 prostredn\u00edctvom zbern\u00fdch miest, tzv. miest sp\u00e4tn\u00e9ho odberu, z ktor\u00fdch putuj\u00fa k op\u00e4tovn\u00e9mu pou\u017eitiu alebo k samotnej recykl\u00e1cii.<\/p>\n\n\n\n<p>Spotrebite\u013e mus\u00ed by\u0165 informovan\u00fd symbolmi ni\u017e\u0161ie, \u017ee pr\u00edslu\u0161n\u00e9 elektrozariadenie nepatr\u00ed do komun\u00e1lneho odpadu. S\u00fa tak ozna\u010den\u00e9 v\u0161etky nov\u00e9 elektrozariadenia. Symbol m\u00f4\u017ee by\u0165 uveden\u00fd priamo na zariaden\u00ed, na jeho obale alebo v n\u00e1vode na pou\u017eitie \u010di v z\u00e1ru\u010dnom liste.<\/p>\n\n\n\n<div class=\"wp-block-image\"><figure class=\"aligncenter size-large\"><img loading=\"lazy\" decoding=\"async\" width=\"477\" height=\"326\" src=\"https:\/\/www.3d-skenovanie.sk\/wp-content\/uploads\/2023\/11\/Symboly_elektroodpad.png\" alt=\"\" class=\"wp-image-9449\" srcset=\"https:\/\/www.3d-skenovanie.sk\/wp-content\/uploads\/2023\/11\/Symboly_elektroodpad.png 477w, https:\/\/www.3d-skenovanie.sk\/wp-content\/uploads\/2023\/11\/Symboly_elektroodpad-300x205.png 300w, https:\/\/www.3d-skenovanie.sk\/wp-content\/uploads\/2023\/11\/Symboly_elektroodpad-187x128.png 187w, https:\/\/www.3d-skenovanie.sk\/wp-content\/uploads\/2023\/11\/Symboly_elektroodpad-470x321.png 470w, https:\/\/www.3d-skenovanie.sk\/wp-content\/uploads\/2023\/11\/Symboly_elektroodpad-143x98.png 143w, https:\/\/www.3d-skenovanie.sk\/wp-content\/uploads\/2023\/11\/Symboly_elektroodpad-193x132.png 193w, https:\/\/www.3d-skenovanie.sk\/wp-content\/uploads\/2023\/11\/Symboly_elektroodpad-24x16.png 24w, https:\/\/www.3d-skenovanie.sk\/wp-content\/uploads\/2023\/11\/Symboly_elektroodpad-36x25.png 36w, https:\/\/www.3d-skenovanie.sk\/wp-content\/uploads\/2023\/11\/Symboly_elektroodpad-48x33.png 48w\" sizes=\"(max-width: 477px) 100vw, 477px\" \/><\/figure><\/div>\n\n\n\n<h2 class=\"wp-block-heading\">Ako sa zbavi\u0165 star\u00e9ho spotrebi\u010da?<\/h2>\n\n\n\n<ul class=\"wp-block-list\"><li>fyzick\u00e9 osoby m\u00f4\u017eu vyu\u017ei\u0165 slu\u017ebu: <a rel=\"noreferrer noopener\" href=\"https:\/\/www.rema.cloud\/projekt\/bud-liny\" target=\"_blank\">BU\u010e LENIV\u00dd<\/a><\/li><li>pr\u00e1vnick\u00e9 osoby m\u00f4\u017eu vyu\u017ei\u0165: <a rel=\"noreferrer noopener\" href=\"https:\/\/remais.rema.cloud\/Login.aspx\" target=\"_blank\">Zvoz pre registrovan\u00fdch partnerov<\/a><\/li><li>prostredn\u00edctvom verejne dostupnej zbernej siete REMA Syst\u00e9m, as, ktor\u00e1 je ur\u010den\u00e1 pre <a href=\"https:\/\/www.rema.cloud\/o-nas#sberna-mista\" target=\"_blank\" rel=\"noreferrer noopener\">sp\u00e4tn\u00fd odber elektrozariaden\u00ed<\/a><\/li><li>prostredn\u00edctvom verejne dostupnej zbernej siete, ktor\u00e1 je ur\u010den\u00e1 na sp\u00e4tn\u00fd odber na str\u00e1nkach <a href=\"https:\/\/visoh2.mzp.cz\/RegistrMistZO\/RegistrMistZOPublic\" target=\"_blank\" rel=\"noreferrer noopener\">Ministerstva \u017eivotn\u00e9ho prostredia (ISOH 2)<\/a><\/li><li>v pr\u00edpade potreby je mo\u017enos\u0165 sa poradi\u0165 na bezplatnej linke <a href=\"https:\/\/www.chytrarecyklace.cz\/\" target=\"_blank\" rel=\"noreferrer noopener\">Inteligentn\u00e1 recykl\u00e1cia<\/a> (800 976 679)<\/li><\/ul>\n\n\n\n<h2 class=\"wp-block-heading\">Pre\u010do recyklova\u0165?<\/h2>\n\n\n\n<p>Elektrozariadenia obsahuj\u00fa mnoho recyklovate\u013en\u00fdch materi\u00e1lov, napr\u00edklad plasty, sklo, kovy (zinok, \u017eelezo, mang\u00e1n, nikel, kadmium, olovo atp.). Niektor\u00e9 z t\u00fdchto l\u00e1tok s\u00fa z\u00e1rove\u0148 ve\u013emi nebezpe\u010dn\u00e9 pre \u017eivotn\u00e9 prostredie a zdravie \u010dloveka, najm\u00e4 ortu\u0165, olovo a kadmium.<\/p>\n\n\n\n<p>Odovzdan\u00edm elektrozariaden\u00ed na miesto sp\u00e4tn\u00e9ho odberu tak najm\u00e4 v\u010faka recykl\u00e1cii materi\u00e1lu \u0161etr\u00edme prim\u00e1rne zdroje surov\u00edn a z\u00e1rove\u0148 chr\u00e1nime na\u0161e \u017eivotn\u00e9 prostredie pred pr\u00edpadn\u00fdm neodborn\u00fdm nakladan\u00edm a n\u00e1sledn\u00fdm zne\u010disten\u00edm.<\/p>\n\n\n\n<p>Pri nespr\u00e1vnej likvid\u00e1cii tohto druhu odpadu m\u00f4\u017eu by\u0165 v s\u00falade s n\u00e1rodn\u00fdmi predpismi udelen\u00e9 pokuty.<\/p>","protected":false},"excerpt":{"rendered":"<p>ZP\u011aTN\u00dd ODB\u011aR ODPADN\u00cdCH ELEKTROZA\u0158\u00cdZEN\u00cd Zakl\u00e1d\u00e1me si na ohledupln\u00e9m chov\u00e1n\u00ed v\u016f\u010di \u017eivotn\u00edmu prost\u0159ed\u00ed, a&nbsp;proto v\u00e1m p\u0159in\u00e1\u0161\u00edme mo\u017enosti, jak jednodu\u0161e a&nbsp;bezplatn\u011b odevzdat sv\u00e1 vyslou\u017eil\u00e1 elektroza\u0159\u00edzen\u00ed. Spot\u0159ebitel m\u00e1 v&nbsp;syst\u00e9mu nakl\u00e1d\u00e1n\u00ed s&nbsp;elektrospot\u0159ebi\u010di zcela z\u00e1sadn\u00ed roli. On je t\u00edm, kdo se rozhoduje, co ud\u011bl\u00e1 se star\u00fdm spot\u0159ebi\u010dem. Star\u00e1 a&nbsp;nepot\u0159ebn\u00e1 elektroza\u0159\u00edzen\u00ed nepat\u0159\u00ed do net\u0159\u00edd\u011bn\u00e9ho komun\u00e1ln\u00edho odpadu, naopak maj\u00ed b\u00fdt p\u0159ed\u00e1ny prost\u0159ednictv\u00edm [&hellip;]<\/p>","protected":false},"author":2,"featured_media":0,"parent":4473,"menu_order":5,"comment_status":"closed","ping_status":"closed","template":"page-templates\/menu-right-page.php","meta":{"_acf_changed":false,"footnotes":""},"filter_oblast":[],"filter_velikost_dilu":[],"filter_aplikace":[],"class_list":["post-4196","page","type-page","status-publish","hentry"],"acf":[],"aioseo_notices":[],"_links":{"self":[{"href":"https:\/\/www.3d-skenovanie.sk\/s\/wp-json\/wp\/v2\/pages\/4196"}],"collection":[{"href":"https:\/\/www.3d-skenovanie.sk\/s\/wp-json\/wp\/v2\/pages"}],"about":[{"href":"https:\/\/www.3d-skenovanie.sk\/s\/wp-json\/wp\/v2\/types\/page"}],"author":[{"embeddable":true,"href":"https:\/\/www.3d-skenovanie.sk\/s\/wp-json\/wp\/v2\/users\/2"}],"replies":[{"embeddable":true,"href":"https:\/\/www.3d-skenovanie.sk\/s\/wp-json\/wp\/v2\/comments?post=4196"}],"version-history":[{"count":4,"href":"https:\/\/www.3d-skenovanie.sk\/s\/wp-json\/wp\/v2\/pages\/4196\/revisions"}],"predecessor-version":[{"id":11484,"href":"https:\/\/www.3d-skenovanie.sk\/s\/wp-json\/wp\/v2\/pages\/4196\/revisions\/11484"}],"up":[{"embeddable":true,"href":"https:\/\/www.3d-skenovanie.sk\/s\/wp-json\/wp\/v2\/pages\/4473"}],"wp:attachment":[{"href":"https:\/\/www.3d-skenovanie.sk\/s\/wp-json\/wp\/v2\/media?parent=4196"}],"wp:term":[{"taxonomy":"filter_oblast","embeddable":true,"href":"https:\/\/www.3d-skenovanie.sk\/s\/wp-json\/wp\/v2\/filter_oblast?post=4196"},{"taxonomy":"filter_velikost_dilu","embeddable":true,"href":"https:\/\/www.3d-skenovanie.sk\/s\/wp-json\/wp\/v2\/filter_velikost_dilu?post=4196"},{"taxonomy":"filter_aplikace","embeddable":true,"href":"https:\/\/www.3d-skenovanie.sk\/s\/wp-json\/wp\/v2\/filter_aplikace?post=4196"}],"curies":[{"name":"wp","href":"https:\/\/api.w.org\/{rel}","templated":true}]}}