{"id":1622,"date":"2017-06-25T13:58:22","date_gmt":"2017-06-25T11:58:22","guid":{"rendered":"http:\/\/www.3dskenovani.cz.web7.web4ce.cz\/?page_id=1622"},"modified":"2025-11-07T23:01:24","modified_gmt":"2025-11-07T22:01:24","slug":"reverzne-inzinierstvo","status":"publish","type":"page","link":"https:\/\/www.3d-skenovanie.sk\/s\/software\/reverzne-inzinierstvo\/","title":{"rendered":"Reverzn\u00e9 in\u017einierstvo"},"content":{"rendered":"<p>Programy pre tvorbu CAD modelov z naskenovan\u00fdch 3D d\u00e1t.<\/p>","protected":false},"excerpt":{"rendered":"<p>Programy pre tvorbu CAD modelov z naskenovan\u00fdch 3D d\u00e1t.<\/p>","protected":false},"author":2,"featured_media":3609,"parent":115,"menu_order":2,"comment_status":"closed","ping_status":"closed","template":"page-templates\/kategorie_software-page.php","meta":{"_acf_changed":false,"footnotes":""},"filter_oblast":[],"filter_velikost_dilu":[],"filter_aplikace":[],"class_list":["post-1622","page","type-page","status-publish","has-post-thumbnail","hentry"],"acf":[],"aioseo_notices":[],"_links":{"self":[{"href":"https:\/\/www.3d-skenovanie.sk\/s\/wp-json\/wp\/v2\/pages\/1622"}],"collection":[{"href":"https:\/\/www.3d-skenovanie.sk\/s\/wp-json\/wp\/v2\/pages"}],"about":[{"href":"https:\/\/www.3d-skenovanie.sk\/s\/wp-json\/wp\/v2\/types\/page"}],"author":[{"embeddable":true,"href":"https:\/\/www.3d-skenovanie.sk\/s\/wp-json\/wp\/v2\/users\/2"}],"replies":[{"embeddable":true,"href":"https:\/\/www.3d-skenovanie.sk\/s\/wp-json\/wp\/v2\/comments?post=1622"}],"version-history":[{"count":5,"href":"https:\/\/www.3d-skenovanie.sk\/s\/wp-json\/wp\/v2\/pages\/1622\/revisions"}],"predecessor-version":[{"id":11476,"href":"https:\/\/www.3d-skenovanie.sk\/s\/wp-json\/wp\/v2\/pages\/1622\/revisions\/11476"}],"up":[{"embeddable":true,"href":"https:\/\/www.3d-skenovanie.sk\/s\/wp-json\/wp\/v2\/pages\/115"}],"wp:featuredmedia":[{"embeddable":true,"href":"https:\/\/www.3d-skenovanie.sk\/s\/wp-json\/wp\/v2\/media\/3609"}],"wp:attachment":[{"href":"https:\/\/www.3d-skenovanie.sk\/s\/wp-json\/wp\/v2\/media?parent=1622"}],"wp:term":[{"taxonomy":"filter_oblast","embeddable":true,"href":"https:\/\/www.3d-skenovanie.sk\/s\/wp-json\/wp\/v2\/filter_oblast?post=1622"},{"taxonomy":"filter_velikost_dilu","embeddable":true,"href":"https:\/\/www.3d-skenovanie.sk\/s\/wp-json\/wp\/v2\/filter_velikost_dilu?post=1622"},{"taxonomy":"filter_aplikace","embeddable":true,"href":"https:\/\/www.3d-skenovanie.sk\/s\/wp-json\/wp\/v2\/filter_aplikace?post=1622"}],"curies":[{"name":"wp","href":"https:\/\/api.w.org\/{rel}","templated":true}]}}