{"id":10102,"date":"2024-05-28T10:17:37","date_gmt":"2024-05-28T08:17:37","guid":{"rendered":"https:\/\/www.3d-skenovani.cz\/?page_id=10102"},"modified":"2025-11-06T13:46:15","modified_gmt":"2025-11-06T12:46:15","slug":"kontaktny-formular","status":"publish","type":"page","link":"https:\/\/www.3d-skenovanie.sk\/s\/kontaktny-formular\/","title":{"rendered":"Dopyt"},"content":{"rendered":"<div class='fluentform ff-default fluentform_wrapper_1 ffs_default_wrap'><form data-form_id=\"1\" id=\"fluentform_1\" class=\"frm-fluent-form fluent_form_1 ff-el-form-top ff_form_instance_1_1 ff-form-loading ff_has_v3_recptcha ffs_default\" data-form_instance=\"ff_form_instance_1_1\" method=\"POST\" data-recptcha_key=\"6Lc0ds8pAAAAALJgfRC1pHhhZ-vvHIFXZh7WOZPa\" action=\"\" ><fieldset  style=\"border: none!important;margin: 0!important;padding: 0!important;background-color: transparent!important;box-shadow: none!important;outline: none!important; min-inline-size: 100%;\">\n                    <legend class=\"ff_screen_reader_title\" style=\"display: block; margin: 0!important;padding: 0!important;height: 0!important;text-indent: -999999px;width: 0!important;overflow:hidden;\">Dopyt<\/legend><input type='hidden' name='__fluent_form_embded_post_id' value='10102' \/><input type=\"hidden\" id=\"_fluentform_1_fluentformnonce\" name=\"_fluentform_1_fluentformnonce\" value=\"2c22641337\" \/><input type=\"hidden\" name=\"_wp_http_referer\" value=\"\/s\/wp-json\/wp\/v2\/pages\/10102\" \/><div data-name=\"ff_cn_id_1\"  class='ff-t-container ff-column-container ff_columns_total_2'><div class='ff-t-cell ff-t-column-1' style='flex-basis: 50%;'><div data-type=\"name-element\" data-name=\"name\" class=\"ff-field_container ff-name-field-wrapper\" ><div class='ff-t-container'><div class='ff-t-cell'><div class='ff-el-group ff-el-form-hide_label'><div class=\"ff-el-input--label asterisk-right\"><label for='ff_1_name_first_name_' aria-label=\"Meno a priezvisko\">Meno a priezvisko<\/label><\/div><div class='ff-el-input--content'><input type=\"text\" name=\"name[first_name]\" id=\"ff_1_name_first_name_\" class=\"ff-el-form-control\" placeholder=\"Meno a priezvisko\" aria-invalid=\"false\" aria-required=\"false\"><\/div><\/div><\/div><\/div><\/div><\/div><div class='ff-t-cell ff-t-column-2' style='flex-basis: 50%;'><div class='ff-el-group ff-el-form-hide_label'><div class=\"ff-el-input--label asterisk-right\"><label for='ff_1_email' aria-label=\"E-mail\">E-mail<\/label><\/div><div class='ff-el-input--content'><input type=\"email\" name=\"email\" id=\"ff_1_email\" class=\"ff-el-form-control\" placeholder=\"E-mail\" data-name=\"email\"  aria-invalid=\"false\" aria-required=\"false\"><\/div><\/div><\/div><\/div><div data-name=\"ff_cn_id_2\"  class='ff-t-container ff-column-container ff_columns_total_2'><div class='ff-t-cell ff-t-column-1' style='flex-basis: 50%;'><div class='ff-el-group ff-el-form-hide_label'><div class=\"ff-el-input--label asterisk-right\"><label for='ff_1_input_text' aria-label=\"Firma \">Firma <\/label><\/div><div class='ff-el-input--content'><input type=\"text\" name=\"input_text\" class=\"ff-el-form-control\" placeholder=\"Firma (nepovinn\u00e9)\" data-name=\"input_text\" id=\"ff_1_input_text\"  aria-invalid=\"false\" aria-required=\"false\"><\/div><\/div><\/div><div class='ff-t-cell ff-t-column-2' style='flex-basis: 50%;'><div class='ff-el-group ff-el-form-hide_label'><div class=\"ff-el-input--label asterisk-right\"><label for='ff_1_phone' aria-label=\"Telef\u00f3n\">Telef\u00f3n<\/label><\/div><div class='ff-el-input--content'><input name=\"phone\" class=\"ff-el-form-control ff-el-phone\" type=\"tel\" placeholder=\"Telef\u00f3n (nepovinn\u00e9)\" data-name=\"phone\" id=\"ff_1_phone\" inputmode=\"tel\"  aria-invalid='false' aria-required=\"false\"><\/div><\/div><\/div><\/div><div data-name=\"ff_cn_id_3\"  class='ff-t-container ff-column-container ff_columns_total_1'><div class='ff-t-cell ff-t-column-1' style='flex-basis: 100%;'><div class='ff-el-group ff-el-form-hide_label'><div class=\"ff-el-input--label asterisk-right\"><label for='ff_1_message' aria-label=\"Podrobnej\u0161\u00ed popis v\u00e1\u0161ho dotazu\">Podrobnej\u0161\u00ed popis v\u00e1\u0161ho dotazu<\/label><\/div><div class='ff-el-input--content'><textarea aria-invalid=\"false\" aria-required=\"false\" name=\"message\" id=\"ff_1_message\" class=\"ff-el-form-control\" placeholder=\"Podrobnej\u0161\u00ed popis v\u00e1\u0161ho dotazu\" rows=\"4\" cols=\"2\" data-name=\"message\" ><\/textarea><\/div><\/div><\/div><\/div><div data-name=\"ff_cn_id_4\"  class='ff-t-container ff-column-container ff_columns_total_2'><div class='ff-t-cell ff-t-column-1' style='flex-basis: 61.34%;'><div class='ff-el-group ff-el-form-hide_label terms'><div class=\"ff-el-input--label asterisk-right\"><label  aria-label=\"GDPR\">GDPR<\/label><\/div><div class='ff-el-input--content'><div class='ff-el-form-check ff-el-form-check-'><label class='ff-el-form-check-label' for=\"checkbox_7e701f23788ad00240b59f0ba13d19d3\"><input  type=\"checkbox\" name=\"checkbox[]\" data-name=\"checkbox\" class=\"ff-el-form-check-input ff-el-form-check-checkbox\" value=\"Odoslan\u00e9 d\u00e1ta sl\u00fa\u017eia v\u00fdhradne pre potreby SolidVision, s.r.o. a nebud\u00fa poskytovan\u00e9 tret\u00edm osob\u00e1m. Odoslan\u00edm s\u00fahlas\u00edte s ich &lt;a href=&quot;https:\/\/www.3d-skenovanie.sk\/s\/spracovanie-osobnych-udajov\/&quot; :target=&quot;_blank&quot;&gt;spracovan\u00edm d\u00e1t&lt;\/a&gt; spolo\u010dnos\u0165ou SolidVision, s.r.o.\"  id='checkbox_7e701f23788ad00240b59f0ba13d19d3' aria-label='Odoslan&eacute; d&aacute;ta sl&uacute;\u017eia v&yacute;hradne pre potreby SolidVision, s.r.o. a nebud&uacute; poskytovan&eacute; tret&iacute;m osob&aacute;m. Odoslan&iacute;m s&uacute;hlas&iacute;te s ich &lt;a href=&quot;https:\/\/www.3d-skenovanie.sk\/s\/spracovanie-osobnych-udajov\/&quot;&gt;spracovan&iacute;m d&aacute;t&lt;\/a&gt; spolo\u010dnos\u0165ou SolidVision, s.r.o.' aria-invalid='false' aria-required=\"false\"> <span>Odoslan\u00e9 d\u00e1ta sl\u00fa\u017eia v\u00fdhradne pre potreby SolidVision, s.r.o. a nebud\u00fa poskytovan\u00e9 tret\u00edm osob\u00e1m. Odoslan\u00edm s\u00fahlas\u00edte s ich <a href=\"https:\/\/www.3d-skenovanie.sk\/s\/spracovanie-osobnych-udajov\/\">spracovan\u00edm d\u00e1t<\/a> spolo\u010dnos\u0165ou SolidVision, s.r.o.<\/span><\/label><\/div><\/div><\/div><\/div><div class='ff-t-cell ff-t-column-2' style='flex-basis: 38.66%;'><div class='ff-el-group ff-text-right ff_submit_btn_wrapper ff_submit_btn_wrapper_custom'><button class=\"ff-btn ff-btn-submit ff-btn-lg ff_btn_style wpf_has_custom_css\" type=\"submit\" name=\"custom_submit_button-1_1\" data-name=\"custom_submit_button-1_1\" >Odosla\u0165<\/button><style>form.fluent_form_1 .wpf_has_custom_css.ff-btn-submit { background-color:rgba(255, 255, 255, 1);border-color:rgba(0, 41, 255, 1);color:#0029FF;min-width:100%; }form.fluent_form_1 .wpf_has_custom_css.ff-btn-submit:hover { background-color:rgba(0, 41, 255, 1);border-color:#1a7efb;color:#FFFFFF;min-width:100%; } <\/style><\/div><\/div><\/div><\/fieldset><input type=\"hidden\" name=\"trp-form-language\" value=\"s\"\/><\/form><div id='fluentform_1_errors' class='ff-errors-in-stack ff_form_instance_1_1 ff-form-loading_errors ff_form_instance_1_1_errors'><\/div><\/div>        <script type=\"text\/javascript\">\n            window.fluent_form_ff_form_instance_1_1 = {\"id\":\"1\",\"settings\":{\"layout\":{\"labelPlacement\":\"top\",\"helpMessagePlacement\":\"with_label\",\"errorMessagePlacement\":\"inline\",\"cssClassName\":\"\",\"asteriskPlacement\":\"asterisk-right\"},\"restrictions\":{\"denyEmptySubmission\":{\"enabled\":false}}},\"form_instance\":\"ff_form_instance_1_1\",\"form_id_selector\":\"fluentform_1\",\"rules\":{\"name[first_name]\":{\"required\":{\"value\":false,\"message\":\"This field is required\",\"global_message\":\"This field is required\",\"global\":true}},\"name[middle_name]\":{\"required\":{\"value\":false,\"message\":\"This field is required\",\"global_message\":\"This field is required\",\"global\":true}},\"name[last_name]\":{\"required\":{\"value\":false,\"message\":\"This field is required\",\"global_message\":\"This field is required\",\"global\":true}},\"email\":{\"required\":{\"value\":false,\"message\":\"This field is required\",\"global_message\":\"This field is required\",\"global\":true},\"email\":{\"value\":true,\"message\":\"This field must contain a valid email\",\"global_message\":\"This field must contain a valid email\",\"global\":true}},\"input_text\":{\"required\":{\"value\":false,\"message\":\"This field is required\",\"global_message\":\"This field is required\",\"global\":true}},\"phone\":{\"required\":{\"value\":false,\"global\":true,\"message\":\"This field is required\",\"global_message\":\"This field is required\"},\"valid_phone_number\":{\"value\":false,\"global\":true,\"message\":\"Phone number is not valid\",\"global_message\":\"Phone number is not valid\"}},\"message\":{\"required\":{\"value\":false,\"message\":\"This field is required\",\"global\":false,\"global_message\":\"This field is required\"}},\"g-recaptcha-response\":[],\"checkbox\":{\"required\":{\"value\":false,\"message\":\"This field is required\",\"global_message\":\"This field is required\",\"global\":true}}}};\n                    <\/script>","protected":false},"excerpt":{"rendered":"","protected":false},"author":10,"featured_media":0,"parent":0,"menu_order":0,"comment_status":"closed","ping_status":"closed","template":"page-templates\/poptavka.php","meta":{"_acf_changed":false,"footnotes":""},"filter_oblast":[],"filter_velikost_dilu":[],"filter_aplikace":[],"class_list":["post-10102","page","type-page","status-publish","hentry"],"acf":[],"aioseo_notices":[],"_links":{"self":[{"href":"https:\/\/www.3d-skenovanie.sk\/s\/wp-json\/wp\/v2\/pages\/10102"}],"collection":[{"href":"https:\/\/www.3d-skenovanie.sk\/s\/wp-json\/wp\/v2\/pages"}],"about":[{"href":"https:\/\/www.3d-skenovanie.sk\/s\/wp-json\/wp\/v2\/types\/page"}],"author":[{"embeddable":true,"href":"https:\/\/www.3d-skenovanie.sk\/s\/wp-json\/wp\/v2\/users\/10"}],"replies":[{"embeddable":true,"href":"https:\/\/www.3d-skenovanie.sk\/s\/wp-json\/wp\/v2\/comments?post=10102"}],"version-history":[{"count":5,"href":"https:\/\/www.3d-skenovanie.sk\/s\/wp-json\/wp\/v2\/pages\/10102\/revisions"}],"predecessor-version":[{"id":11443,"href":"https:\/\/www.3d-skenovanie.sk\/s\/wp-json\/wp\/v2\/pages\/10102\/revisions\/11443"}],"wp:attachment":[{"href":"https:\/\/www.3d-skenovanie.sk\/s\/wp-json\/wp\/v2\/media?parent=10102"}],"wp:term":[{"taxonomy":"filter_oblast","embeddable":true,"href":"https:\/\/www.3d-skenovanie.sk\/s\/wp-json\/wp\/v2\/filter_oblast?post=10102"},{"taxonomy":"filter_velikost_dilu","embeddable":true,"href":"https:\/\/www.3d-skenovanie.sk\/s\/wp-json\/wp\/v2\/filter_velikost_dilu?post=10102"},{"taxonomy":"filter_aplikace","embeddable":true,"href":"https:\/\/www.3d-skenovanie.sk\/s\/wp-json\/wp\/v2\/filter_aplikace?post=10102"}],"curies":[{"name":"wp","href":"https:\/\/api.w.org\/{rel}","templated":true}]}}